{"id":58434,"date":"2017-05-15T12:40:21","date_gmt":"2017-05-15T10:40:21","guid":{"rendered":"http:\/\/www.gpictures.film\/kontakt\/"},"modified":"2026-01-07T14:19:34","modified_gmt":"2026-01-07T13:19:34","slug":"contact","status":"publish","type":"page","link":"https:\/\/www.gpictures.film\/en\/contact\/","title":{"rendered":"Contact"},"content":{"rendered":"<div class=\"wpb-content-wrapper\"><p>[vc_row unlock_row_content=&#8221;yes&#8221; row_height_percent=&#8221;0&#8243; override_padding=&#8221;yes&#8221; h_padding=&#8221;2&#8243; top_padding=&#8221;3&#8243; bottom_padding=&#8221;3&#8243; overlay_alpha=&#8221;0&#8243; equal_height=&#8221;yes&#8221; gutter_size=&#8221;3&#8243; column_width_percent=&#8221;100&#8243; shift_y=&#8221;0&#8243; z_index=&#8221;0&#8243; mobile_visibility=&#8221;yes&#8221; style=&#8221;inherited&#8221; uncode_shortcode_id=&#8221;198992&#8243;][vc_column column_width_percent=&#8221;100&#8243; position_horizontal=&#8221;left&#8221; gutter_size=&#8221;4&#8243; style=&#8221;dark&#8221; overlay_alpha=&#8221;100&#8243; shift_x=&#8221;0&#8243; shift_y=&#8221;0&#8243; z_index=&#8221;0&#8243; medium_width=&#8221;0&#8243; mobile_width=&#8221;0&#8243; zoom_width=&#8221;0&#8243; zoom_height=&#8221;0&#8243; width=&#8221;1\/1&#8243;][vc_custom_heading text_color=&#8221;color-277717&#8243; heading_semantic=&#8221;h4&#8243; text_size=&#8221;h3&#8243; sub_lead=&#8221;yes&#8221; sub_reduced=&#8221;yes&#8221; uncode_shortcode_id=&#8221;244095&#8243; text_color_type=&#8221;uncode-palette&#8221;]Please refrain from sending unsolicited film ideas.<br \/>\nUnsolicited material will be destroyed unread.[\/vc_custom_heading][\/vc_column][\/vc_row][vc_row unlock_row_content=&#8221;yes&#8221; row_height_percent=&#8221;0&#8243; override_padding=&#8221;yes&#8221; h_padding=&#8221;0&#8243; top_padding=&#8221;0&#8243; bottom_padding=&#8221;0&#8243; overlay_alpha=&#8221;50&#8243; equal_height=&#8221;yes&#8221; gutter_size=&#8221;0&#8243; column_width_percent=&#8221;100&#8243; shift_y=&#8221;0&#8243; z_index=&#8221;0&#8243;][vc_column column_width_percent=&#8221;100&#8243; position_vertical=&#8221;middle&#8221; align_horizontal=&#8221;align_center&#8221; gutter_size=&#8221;3&#8243; style=&#8221;dark&#8221; back_color=&#8221;accent&#8221; overlay_alpha=&#8221;50&#8243; shift_x=&#8221;0&#8243; shift_y=&#8221;0&#8243; shift_y_down=&#8221;0&#8243; z_index=&#8221;0&#8243; medium_width=&#8221;0&#8243; mobile_width=&#8221;0&#8243; width=&#8221;1\/2&#8243;][vc_custom_heading text_size=&#8221;h1&#8243; text_transform=&#8221;uppercase&#8221;]Munich[\/vc_custom_heading][\/vc_column][vc_column column_width_percent=&#8221;100&#8243; gutter_size=&#8221;3&#8243; override_padding=&#8221;yes&#8221; column_padding=&#8221;2&#8243; overlay_alpha=&#8221;50&#8243; shift_x=&#8221;0&#8243; shift_y=&#8221;0&#8243; z_index=&#8221;0&#8243; medium_width=&#8221;0&#8243; mobile_width=&#8221;0&#8243; width=&#8221;1\/2&#8243;][vc_custom_heading text_size=&#8221;h3&#8243; sub_reduced=&#8221;yes&#8221; css_animation=&#8221;bottom-t-top&#8221; animation_delay=&#8221;200&#8243; subheading=&#8221;Schwanthalerstra\u00dfe 79<br \/>\nD-80336 M\u00fcnchen&#8221;]Gei\u00dfend\u00f6rfer Pictures GmbH[\/vc_custom_heading][vc_row_inner row_inner_height_percent=&#8221;0&#8243; overlay_alpha=&#8221;50&#8243; gutter_size=&#8221;3&#8243; shift_y=&#8221;0&#8243; z_index=&#8221;0&#8243;][vc_column_inner width=&#8221;1\/2&#8243;][vc_icon icon=&#8221;fa fa-envelope-o&#8221; background_style=&#8221;fa-rounded&#8221; size=&#8221;fa-2x&#8221; heading_semantic=&#8221;h4&#8243; text_size=&#8221;h4&#8243; css_animation=&#8221;bottom-t-top&#8221; animation_delay=&#8221;200&#8243; title=&#8221;Write to us&#8221; link=&#8221;|||&#8221; uncode_shortcode_id=&#8221;653272&#8243;]<a href=\"mailto:info@gpictures.film?body=Please%20refrain%20from%20sending%20unsolicited%20film%20ideas.%20Unsolicited%20material%20will%20be%20destroyed%20unread.\">info@gpictures.film<\/a>[\/vc_icon][\/vc_column_inner][vc_column_inner width=&#8221;1\/2&#8243;][vc_icon icon=&#8221;fa fa-bullhorn&#8221; background_style=&#8221;fa-rounded&#8221; size=&#8221;fa-2x&#8221; heading_semantic=&#8221;h4&#8243; text_size=&#8221;h4&#8243; css_animation=&#8221;bottom-t-top&#8221; animation_delay=&#8221;400&#8243; title=&#8221;Production office&#8221; link=&#8221;|||&#8221; uncode_shortcode_id=&#8221;124221&#8243;]Phone: +49 89 1891966-10[\/vc_icon][\/vc_column_inner][\/vc_row_inner][\/vc_column][\/vc_row][vc_row unlock_row_content=&#8221;yes&#8221; row_height_percent=&#8221;0&#8243; override_padding=&#8221;yes&#8221; h_padding=&#8221;0&#8243; top_padding=&#8221;0&#8243; bottom_padding=&#8221;0&#8243; overlay_alpha=&#8221;50&#8243; equal_height=&#8221;yes&#8221; gutter_size=&#8221;0&#8243; column_width_percent=&#8221;100&#8243; border_color=&#8221;color-prif&#8221; border_style=&#8221;solid&#8221; shift_y=&#8221;0&#8243; z_index=&#8221;0&#8243;][vc_column column_width_percent=&#8221;100&#8243; gutter_size=&#8221;3&#8243; override_padding=&#8221;yes&#8221; column_padding=&#8221;2&#8243; overlay_alpha=&#8221;50&#8243; shift_x=&#8221;0&#8243; shift_y=&#8221;0&#8243; z_index=&#8221;0&#8243; medium_width=&#8221;0&#8243; mobile_width=&#8221;0&#8243; width=&#8221;1\/2&#8243;][vc_custom_heading text_size=&#8221;h3&#8243; sub_reduced=&#8221;yes&#8221; css_animation=&#8221;bottom-t-top&#8221; animation_delay=&#8221;200&#8243; subheading=&#8221;Lehmbruckstra\u00dfe 1<br \/>\n10245 Berlin&#8221;]Gei\u00dfend\u00f6rfer Pictures GmbH[\/vc_custom_heading][vc_row_inner row_inner_height_percent=&#8221;0&#8243; overlay_alpha=&#8221;50&#8243; gutter_size=&#8221;3&#8243; shift_y=&#8221;0&#8243; z_index=&#8221;0&#8243;][vc_column_inner width=&#8221;1\/2&#8243;][vc_icon icon=&#8221;fa fa-envelope-o&#8221; background_style=&#8221;fa-rounded&#8221; size=&#8221;fa-2x&#8221; heading_semantic=&#8221;h4&#8243; text_size=&#8221;h4&#8243; css_animation=&#8221;bottom-t-top&#8221; animation_delay=&#8221;200&#8243; title=&#8221;Write to us&#8221; link=&#8221;|||&#8221; uncode_shortcode_id=&#8221;191435&#8243;]<a href=\"mailto:info@gpictures.film?body=Please%20refrain%20from%20sending%20unsolicited%20film%20ideas.%20Unsolicited%20material%20will%20be%20destroyed%20unread.\">info@gpictures.film<\/a>[\/vc_icon][\/vc_column_inner][vc_column_inner width=&#8221;1\/2&#8243;][\/vc_column_inner][\/vc_row_inner][\/vc_column][vc_column column_width_percent=&#8221;100&#8243; position_vertical=&#8221;middle&#8221; align_horizontal=&#8221;align_center&#8221; gutter_size=&#8221;3&#8243; style=&#8221;dark&#8221; back_color=&#8221;accent&#8221; overlay_alpha=&#8221;50&#8243; shift_x=&#8221;0&#8243; shift_y=&#8221;0&#8243; shift_y_down=&#8221;0&#8243; z_index=&#8221;0&#8243; medium_width=&#8221;0&#8243; mobile_width=&#8221;0&#8243; width=&#8221;1\/2&#8243;][vc_custom_heading text_size=&#8221;h1&#8243; text_transform=&#8221;uppercase&#8221;]Berlin[\/vc_custom_heading][\/vc_column][\/vc_row][vc_row unlock_row_content=&#8221;yes&#8221; row_height_percent=&#8221;0&#8243; override_padding=&#8221;yes&#8221; h_padding=&#8221;0&#8243; top_padding=&#8221;0&#8243; bottom_padding=&#8221;0&#8243; overlay_alpha=&#8221;50&#8243; equal_height=&#8221;yes&#8221; gutter_size=&#8221;0&#8243; shift_y=&#8221;0&#8243;][vc_column column_width_percent=&#8221;100&#8243; position_vertical=&#8221;middle&#8221; align_horizontal=&#8221;align_center&#8221; gutter_size=&#8221;3&#8243; style=&#8221;dark&#8221; back_color=&#8221;accent&#8221; overlay_alpha=&#8221;50&#8243; shift_x=&#8221;0&#8243; shift_y=&#8221;0&#8243; shift_y_down=&#8221;0&#8243; z_index=&#8221;0&#8243; medium_width=&#8221;0&#8243; mobile_width=&#8221;0&#8243; width=&#8221;1\/2&#8243;][vc_custom_heading text_size=&#8221;h1&#8243; text_transform=&#8221;uppercase&#8221;]Cologne[\/vc_custom_heading][\/vc_column][vc_column column_width_percent=&#8221;100&#8243; gutter_size=&#8221;3&#8243; override_padding=&#8221;yes&#8221; column_padding=&#8221;2&#8243; overlay_alpha=&#8221;50&#8243; shift_x=&#8221;0&#8243; shift_y=&#8221;0&#8243; z_index=&#8221;0&#8243; medium_width=&#8221;0&#8243; mobile_width=&#8221;0&#8243; width=&#8221;1\/2&#8243;][vc_custom_heading text_size=&#8221;h3&#8243; sub_reduced=&#8221;yes&#8221; css_animation=&#8221;bottom-t-top&#8221; animation_delay=&#8221;200&#8243; subheading=&#8221;Widdersdorfer Stra\u00dfe 246<br \/>\nD- 50825 K\u00f6ln&#8221; uncode_shortcode_id=&#8221;115865&#8243; text_color_type=&#8221;uncode-palette&#8221; text_color_solid=&#8221;#ff0000&#8243;]Gei\u00dfend\u00f6rfer Pictures GmbH[\/vc_custom_heading][vc_row_inner][vc_column_inner width=&#8221;1\/3&#8243;][vc_icon icon=&#8221;fa fa-envelope-o&#8221; background_style=&#8221;fa-rounded&#8221; size=&#8221;fa-2x&#8221; heading_semantic=&#8221;h4&#8243; text_size=&#8221;h4&#8243; css_animation=&#8221;bottom-t-top&#8221; animation_delay=&#8221;200&#8243; title=&#8221;Write to us&#8221; link=&#8221;|||&#8221; uncode_shortcode_id=&#8221;967640&#8243;]<a href=\"mailto:info@gpictures.film?body=Please%20refrain%20from%20sending%20unsolicited%20film%20ideas.%20Unsolicited%20material%20will%20be%20destroyed%20unread.\">info@gpictures.film<\/a>[\/vc_icon][\/vc_column_inner][vc_column_inner width=&#8221;2\/3&#8243;][vc_icon icon=&#8221;fa fa-bullhorn&#8221; background_style=&#8221;fa-rounded&#8221; size=&#8221;fa-2x&#8221; heading_semantic=&#8221;h4&#8243; text_size=&#8221;h4&#8243; css_animation=&#8221;bottom-t-top&#8221; animation_delay=&#8221;400&#8243; title=&#8221;Production office&#8221; link=&#8221;|||&#8221; uncode_shortcode_id=&#8221;399546&#8243;]Phone: +49 221 66997327[\/vc_icon][\/vc_column_inner][\/vc_row_inner][\/vc_column][\/vc_row]<\/p>\n<\/div>","protected":false},"excerpt":{"rendered":"<p>If you&#8217;d like to discuss working with us, find out more about the range of services we have to offer, or just want to have a chat, please get in touch.<\/p>\n","protected":false},"author":4,"featured_media":0,"parent":0,"menu_order":10,"comment_status":"open","ping_status":"closed","template":"","meta":{"_acf_changed":false,"footnotes":""},"class_list":["post-58434","page","type-page","status-publish","hentry"],"acf":[],"yoast_head":"<!-- This site is optimized with the Yoast SEO plugin v26.9 - https:\/\/yoast.com\/product\/yoast-seo-wordpress\/ -->\n<title>Contact - gpictures<\/title>\n<meta name=\"robots\" content=\"index, follow, max-snippet:-1, max-image-preview:large, max-video-preview:-1\" \/>\n<link rel=\"canonical\" href=\"https:\/\/www.gpictures.film\/en\/contact\/\" \/>\n<meta property=\"og:locale\" content=\"en_US\" \/>\n<meta property=\"og:type\" content=\"article\" \/>\n<meta property=\"og:title\" content=\"Contact - gpictures\" \/>\n<meta property=\"og:description\" content=\"If you&#039;d like to discuss working with us, find out more about the range of services we have to offer, or just want to have a chat, please get in touch.\" \/>\n<meta property=\"og:url\" content=\"https:\/\/www.gpictures.film\/en\/contact\/\" \/>\n<meta property=\"og:site_name\" content=\"gpictures\" \/>\n<meta property=\"article:modified_time\" content=\"2026-01-07T13:19:34+00:00\" \/>\n<meta name=\"twitter:card\" content=\"summary_large_image\" \/>\n<meta name=\"twitter:site\" content=\"@gff_movie\" \/>\n<meta name=\"twitter:label1\" content=\"Est. reading time\" \/>\n\t<meta name=\"twitter:data1\" content=\"2 minutes\" \/>\n<script type=\"application\/ld+json\" class=\"yoast-schema-graph\">{\"@context\":\"https:\/\/schema.org\",\"@graph\":[{\"@type\":\"WebPage\",\"@id\":\"https:\/\/www.gpictures.film\/en\/contact\/\",\"url\":\"https:\/\/www.gpictures.film\/en\/contact\/\",\"name\":\"Contact - gpictures\",\"isPartOf\":{\"@id\":\"https:\/\/www.gpictures.film\/en\/#website\"},\"datePublished\":\"2017-05-15T10:40:21+00:00\",\"dateModified\":\"2026-01-07T13:19:34+00:00\",\"breadcrumb\":{\"@id\":\"https:\/\/www.gpictures.film\/en\/contact\/#breadcrumb\"},\"inLanguage\":\"en-US\",\"potentialAction\":[{\"@type\":\"ReadAction\",\"target\":[\"https:\/\/www.gpictures.film\/en\/contact\/\"]}]},{\"@type\":\"BreadcrumbList\",\"@id\":\"https:\/\/www.gpictures.film\/en\/contact\/#breadcrumb\",\"itemListElement\":[{\"@type\":\"ListItem\",\"position\":1,\"name\":\"Startseite\",\"item\":\"https:\/\/www.gpictures.film\/en\/\"},{\"@type\":\"ListItem\",\"position\":2,\"name\":\"Contact\"}]},{\"@type\":\"WebSite\",\"@id\":\"https:\/\/www.gpictures.film\/en\/#website\",\"url\":\"https:\/\/www.gpictures.film\/en\/\",\"name\":\"gpictures\",\"description\":\"geissendoerfer pictures gmbh\",\"potentialAction\":[{\"@type\":\"SearchAction\",\"target\":{\"@type\":\"EntryPoint\",\"urlTemplate\":\"https:\/\/www.gpictures.film\/en\/?s={search_term_string}\"},\"query-input\":{\"@type\":\"PropertyValueSpecification\",\"valueRequired\":true,\"valueName\":\"search_term_string\"}}],\"inLanguage\":\"en-US\"}]}<\/script>\n<!-- \/ Yoast SEO plugin. -->","yoast_head_json":{"title":"Contact - gpictures","robots":{"index":"index","follow":"follow","max-snippet":"max-snippet:-1","max-image-preview":"max-image-preview:large","max-video-preview":"max-video-preview:-1"},"canonical":"https:\/\/www.gpictures.film\/en\/contact\/","og_locale":"en_US","og_type":"article","og_title":"Contact - gpictures","og_description":"If you'd like to discuss working with us, find out more about the range of services we have to offer, or just want to have a chat, please get in touch.","og_url":"https:\/\/www.gpictures.film\/en\/contact\/","og_site_name":"gpictures","article_modified_time":"2026-01-07T13:19:34+00:00","twitter_card":"summary_large_image","twitter_site":"@gff_movie","twitter_misc":{"Est. reading time":"2 minutes"},"schema":{"@context":"https:\/\/schema.org","@graph":[{"@type":"WebPage","@id":"https:\/\/www.gpictures.film\/en\/contact\/","url":"https:\/\/www.gpictures.film\/en\/contact\/","name":"Contact - gpictures","isPartOf":{"@id":"https:\/\/www.gpictures.film\/en\/#website"},"datePublished":"2017-05-15T10:40:21+00:00","dateModified":"2026-01-07T13:19:34+00:00","breadcrumb":{"@id":"https:\/\/www.gpictures.film\/en\/contact\/#breadcrumb"},"inLanguage":"en-US","potentialAction":[{"@type":"ReadAction","target":["https:\/\/www.gpictures.film\/en\/contact\/"]}]},{"@type":"BreadcrumbList","@id":"https:\/\/www.gpictures.film\/en\/contact\/#breadcrumb","itemListElement":[{"@type":"ListItem","position":1,"name":"Startseite","item":"https:\/\/www.gpictures.film\/en\/"},{"@type":"ListItem","position":2,"name":"Contact"}]},{"@type":"WebSite","@id":"https:\/\/www.gpictures.film\/en\/#website","url":"https:\/\/www.gpictures.film\/en\/","name":"gpictures","description":"geissendoerfer pictures gmbh","potentialAction":[{"@type":"SearchAction","target":{"@type":"EntryPoint","urlTemplate":"https:\/\/www.gpictures.film\/en\/?s={search_term_string}"},"query-input":{"@type":"PropertyValueSpecification","valueRequired":true,"valueName":"search_term_string"}}],"inLanguage":"en-US"}]}},"_links":{"self":[{"href":"https:\/\/www.gpictures.film\/en\/wp-json\/wp\/v2\/pages\/58434","targetHints":{"allow":["GET"]}}],"collection":[{"href":"https:\/\/www.gpictures.film\/en\/wp-json\/wp\/v2\/pages"}],"about":[{"href":"https:\/\/www.gpictures.film\/en\/wp-json\/wp\/v2\/types\/page"}],"author":[{"embeddable":true,"href":"https:\/\/www.gpictures.film\/en\/wp-json\/wp\/v2\/users\/4"}],"replies":[{"embeddable":true,"href":"https:\/\/www.gpictures.film\/en\/wp-json\/wp\/v2\/comments?post=58434"}],"version-history":[{"count":40,"href":"https:\/\/www.gpictures.film\/en\/wp-json\/wp\/v2\/pages\/58434\/revisions"}],"predecessor-version":[{"id":61309,"href":"https:\/\/www.gpictures.film\/en\/wp-json\/wp\/v2\/pages\/58434\/revisions\/61309"}],"wp:attachment":[{"href":"https:\/\/www.gpictures.film\/en\/wp-json\/wp\/v2\/media?parent=58434"}],"curies":[{"name":"wp","href":"https:\/\/api.w.org\/{rel}","templated":true}]}}